{"id":2623,"date":"2023-01-18T16:17:23","date_gmt":"2023-01-18T16:17:23","guid":{"rendered":"https:\/\/mean-orchard.flywheelstaging.com\/?post_type=product&#038;p=2623"},"modified":"2023-01-30T12:15:41","modified_gmt":"2023-01-30T12:15:41","slug":"ground-sar-processor","status":"publish","type":"product","link":"https:\/\/metasensing.com\/it\/product\/ground-sar-processor\/","title":{"rendered":"Ground SAR Processor"},"content":{"rendered":"<div data-elementor-type=\"wp-post\" data-elementor-id=\"2623\" class=\"elementor elementor-2623\" data-elementor-post-type=\"product\">\n\t\t\t\t\t\t<section class=\"has_ae_slider elementor-section elementor-top-section elementor-element elementor-element-78ffadae elementor-section-height-min-height elementor-section-boxed elementor-section-height-default elementor-section-items-middle ae-bg-gallery-type-default\" data-id=\"78ffadae\" data-element_type=\"section\" data-e-type=\"section\" data-settings=\"{&quot;background_background&quot;:&quot;classic&quot;}\">\n\t\t\t\t\t\t\t<div class=\"elementor-background-overlay\"><\/div>\n\t\t\t\t\t\t\t<div class=\"elementor-container elementor-column-gap-default\">\n\t\t\t\t\t<div class=\"has_ae_slider elementor-column elementor-col-100 elementor-top-column elementor-element elementor-element-3c1c515c ae-bg-gallery-type-default\" data-id=\"3c1c515c\" data-element_type=\"column\" data-e-type=\"column\">\n\t\t\t<div class=\"elementor-widget-wrap elementor-element-populated\">\n\t\t\t\t\t\t<section class=\"has_ae_slider elementor-section elementor-inner-section elementor-element elementor-element-9601818 elementor-section-boxed elementor-section-height-default elementor-section-height-default ae-bg-gallery-type-default\" data-id=\"9601818\" data-element_type=\"section\" data-e-type=\"section\">\n\t\t\t\t\t\t<div class=\"elementor-container elementor-column-gap-default\">\n\t\t\t\t\t<div class=\"has_ae_slider elementor-column elementor-col-50 elementor-inner-column elementor-element elementor-element-28721bf3 ae-bg-gallery-type-default\" data-id=\"28721bf3\" data-element_type=\"column\" data-e-type=\"column\">\n\t\t\t<div class=\"elementor-widget-wrap elementor-element-populated\">\n\t\t\t\t\t\t<div class=\"elementor-element elementor-element-48d39b00 elementor-widget elementor-widget-image\" data-id=\"48d39b00\" data-element_type=\"widget\" data-e-type=\"widget\" data-widget_type=\"image.default\">\n\t\t\t\t<div class=\"elementor-widget-container\">\n\t\t\t\t\t\t\t\t\t\t\t\t\t\t\t<img fetchpriority=\"high\" decoding=\"async\" width=\"800\" height=\"800\" src=\"https:\/\/metasensing.com\/wp-content\/uploads\/2022\/09\/sattelite-1.png\" class=\"attachment-large size-large wp-image-1829\" alt=\"\" srcset=\"https:\/\/metasensing.com\/wp-content\/uploads\/2022\/09\/sattelite-1.png 1000w, https:\/\/metasensing.com\/wp-content\/uploads\/2022\/09\/sattelite-1-300x300.png 300w, https:\/\/metasensing.com\/wp-content\/uploads\/2022\/09\/sattelite-1-150x150.png 150w, https:\/\/metasensing.com\/wp-content\/uploads\/2022\/09\/sattelite-1-768x768.png 768w\" sizes=\"(max-width: 800px) 100vw, 800px\" \/>\t\t\t\t\t\t\t\t\t\t\t\t\t\t\t<\/div>\n\t\t\t\t<\/div>\n\t\t\t\t\t<\/div>\n\t\t<\/div>\n\t\t\t\t<div class=\"has_ae_slider elementor-column elementor-col-50 elementor-inner-column elementor-element elementor-element-39d9f68b ae-bg-gallery-type-default\" data-id=\"39d9f68b\" data-element_type=\"column\" data-e-type=\"column\">\n\t\t\t<div class=\"elementor-widget-wrap elementor-element-populated\">\n\t\t\t\t\t\t<div class=\"elementor-element elementor-element-29de8289 elementor-widget elementor-widget-heading\" data-id=\"29de8289\" data-element_type=\"widget\" data-e-type=\"widget\" data-widget_type=\"heading.default\">\n\t\t\t\t<div class=\"elementor-widget-container\">\n\t\t\t\t\t<h3 class=\"elementor-heading-title elementor-size-medium translation-block\">Technology you can <span class=\"underline\">trust<\/span><\/h3>\t\t\t\t<\/div>\n\t\t\t\t<\/div>\n\t\t\t\t<div class=\"elementor-element elementor-element-35f582c7 elementor-widget elementor-widget-heading\" data-id=\"35f582c7\" data-element_type=\"widget\" data-e-type=\"widget\" data-widget_type=\"heading.default\">\n\t\t\t\t<div class=\"elementor-widget-container\">\n\t\t\t\t\t<h2 class=\"elementor-heading-title elementor-size-xxl\">Ground SAR Segment<\/h2>\t\t\t\t<\/div>\n\t\t\t\t<\/div>\n\t\t\t\t\t<\/div>\n\t\t<\/div>\n\t\t\t\t\t<\/div>\n\t\t<\/section>\n\t\t\t\t\t<\/div>\n\t\t<\/div>\n\t\t\t\t\t<\/div>\n\t\t<\/section>\n\t\t\t\t<section class=\"has_ae_slider elementor-section elementor-top-section elementor-element elementor-element-54429936 elementor-section-boxed elementor-section-height-default elementor-section-height-default ae-bg-gallery-type-default\" data-id=\"54429936\" data-element_type=\"section\" data-e-type=\"section\" data-settings=\"{&quot;background_background&quot;:&quot;classic&quot;}\">\n\t\t\t\t\t\t<div class=\"elementor-container elementor-column-gap-default\">\n\t\t\t\t\t<div class=\"has_ae_slider elementor-column elementor-col-50 elementor-top-column elementor-element elementor-element-108a9a9d ae-bg-gallery-type-default\" data-id=\"108a9a9d\" data-element_type=\"column\" data-e-type=\"column\">\n\t\t\t<div class=\"elementor-widget-wrap elementor-element-populated\">\n\t\t\t\t\t\t<div class=\"elementor-element elementor-element-674da05 elementor-icon-list--layout-traditional elementor-list-item-link-full_width elementor-widget elementor-widget-icon-list\" data-id=\"674da05\" data-element_type=\"widget\" data-e-type=\"widget\" data-widget_type=\"icon-list.default\">\n\t\t\t\t<div class=\"elementor-widget-container\">\n\t\t\t\t\t\t\t<ul class=\"elementor-icon-list-items\">\n\t\t\t\t\t\t\t<li class=\"elementor-icon-list-item\">\n\t\t\t\t\t\t\t\t\t\t\t<a href=\"https:\/\/metasensing.com\/it\/product\/ground-sar-processor\/\">\n\n\t\t\t\t\t\t\t\t\t\t\t\t<span class=\"elementor-icon-list-icon\">\n\t\t\t\t\t\t\t<i aria-hidden=\"true\" class=\"fas fa-chevron-left\"><\/i>\t\t\t\t\t\t<\/span>\n\t\t\t\t\t\t\t\t\t\t<span class=\"elementor-icon-list-text\">Indietro<\/span>\n\t\t\t\t\t\t\t\t\t\t\t<\/a>\n\t\t\t\t\t\t\t\t\t<\/li>\n\t\t\t\t\t\t<\/ul>\n\t\t\t\t\t\t<\/div>\n\t\t\t\t<\/div>\n\t\t\t\t<div class=\"elementor-element elementor-element-500c781e elementor-widget elementor-widget-heading\" data-id=\"500c781e\" data-element_type=\"widget\" data-e-type=\"widget\" data-widget_type=\"heading.default\">\n\t\t\t\t<div class=\"elementor-widget-container\">\n\t\t\t\t\t<h2 class=\"elementor-heading-title elementor-size-large\">Ground SAR Processor<\/h2>\t\t\t\t<\/div>\n\t\t\t\t<\/div>\n\t\t\t\t<div class=\"elementor-element elementor-element-62776280 elementor-widget elementor-widget-text-editor\" data-id=\"62776280\" data-element_type=\"widget\" data-e-type=\"widget\" data-widget_type=\"text-editor.default\">\n\t\t\t\t<div class=\"elementor-widget-container\">\n\t\t\t\t\t\t\t\t\t<p class=\"p1\">Il MetaSensing Satellite SAR Processor (MSSP) \u00e8 uno strumento software all'avanguardia per elaborare dati SAR satellitari grezzi e generare immagini SAR satellitari calibrate in fase e ampiezza<\/p><p class=\"p1\">Basato sui pi\u00f9 accurati algoritmi di Time Domain Back Projection, l'MSSP \u00e8 caratterizzato da:<span class=\"Apple-converted-space\">\u00a0<\/span><\/p><ul class=\"ul1\"><li class=\"li2\">Processore operazionale per Ground Segment di missioni SAR satellitari, attuali e future;<\/li><li class=\"li2\">Facilmente comandabile con script, con interfacce e database che consentono un'integrazione immediata in qualsiasi sistema del Ground Segment;<\/li><li class=\"li2\">Capacita' di processare dati in ogni modalit\u00e0 di acquisizione: Stripmap, Spotlight, ScanSAR, TopSAR, high-squint e modalit\u00e0 future;<\/li><li class=\"li2\">Focalizzazione e calibrazione estremamente precise grazie all'uso di algoritmi Time Domain Back Projection;<\/li><li class=\"li2\">Completamente implementato per hardware multi-GPU per garantire la parallelizzazione, la portabilit\u00e0 e l'aggiornamento immediato a tecnologie GPU pi\u00f9 recenti e veloci;<\/li><li class=\"li2\">Facile ed elevata scalabilit\u00e0 su pi\u00f9 piattaforme di elaborazione (cluster, multi-GPU, cloud) grazie all'implementazione basata su GPU<\/li><li class=\"li2\">I requisiti di velocit\u00e0 di elaborazione SAR possono essere facilmente adattati variando il numero di schede GPU o di nodi dotati di GPU;<\/li><li class=\"li2\">MSSP \u00e8 riconosce l'hardware su cui \u00e8 installato ed \u00e8 in grado di distribuire automaticamente le attivit\u00e0 tra qualsiasi numero di dispositivi GPU presenti sulla stessa macchina per massimizzare la parallelizzazione, offrendo una soluzione completamente scalabile in base alle esigenze dell'utente;<\/li><li class=\"li2\">Pu\u00f2 elaborare acquisizioni SAR di qualsiasi lunghezza grazie a una strategia di pianificazione avanzata che distribuisce il carico di lavoro tra le GPU disponibili in base alle loro capacit\u00e0;<\/li><li class=\"li2\">Generazione automatica di uno stack co-registrato e georeferenziato di immagini SAR SLC su DEM che consente di ottenere direttamente la fase interferometrica differenziale;<\/li><li class=\"li2\">Implementazione semplice di calibrazioni geometriche, polarimetriche e radiometriche;<\/li><li class=\"li2\">Utilizzo di software e linguaggi di codifica allo stato dell'arte.<\/li><\/ul>\t\t\t\t\t\t\t\t<\/div>\n\t\t\t\t<\/div>\n\t\t\t\t\t<\/div>\n\t\t<\/div>\n\t\t\t\t<div class=\"has_ae_slider elementor-column elementor-col-50 elementor-top-column elementor-element elementor-element-5e64d1c1 ae-bg-gallery-type-default\" data-id=\"5e64d1c1\" data-element_type=\"column\" data-e-type=\"column\">\n\t\t\t<div class=\"elementor-widget-wrap elementor-element-populated\">\n\t\t\t\t\t\t<div class=\"elementor-element elementor-element-45780e74 elementor-widget elementor-widget-image\" data-id=\"45780e74\" data-element_type=\"widget\" data-e-type=\"widget\" data-widget_type=\"image.default\">\n\t\t\t\t<div class=\"elementor-widget-container\">\n\t\t\t\t\t\t\t\t\t\t\t\t<figure class=\"wp-caption\">\n\t\t\t\t\t\t\t\t\t\t<img decoding=\"async\" width=\"574\" height=\"1024\" src=\"https:\/\/metasensing.com\/wp-content\/uploads\/2023\/01\/SAR-SIMULATOR-FOTO-574x1024.jpg\" class=\"attachment-large size-large wp-image-2573\" alt=\"\" srcset=\"https:\/\/metasensing.com\/wp-content\/uploads\/2023\/01\/SAR-SIMULATOR-FOTO-574x1024.jpg 574w, https:\/\/metasensing.com\/wp-content\/uploads\/2023\/01\/SAR-SIMULATOR-FOTO-168x300.jpg 168w, https:\/\/metasensing.com\/wp-content\/uploads\/2023\/01\/SAR-SIMULATOR-FOTO-768x1370.jpg 768w, https:\/\/metasensing.com\/wp-content\/uploads\/2023\/01\/SAR-SIMULATOR-FOTO-7x12.jpg 7w, https:\/\/metasensing.com\/wp-content\/uploads\/2023\/01\/SAR-SIMULATOR-FOTO.jpg 777w\" sizes=\"(max-width: 574px) 100vw, 574px\" \/>\t\t\t\t\t\t\t\t\t\t\t<figcaption class=\"widget-image-caption wp-caption-text\">Composizione polarimetrica del colore dell'immagine SLC focalizzata con MSSP dai dati ESA Sentinel L0 (VV+VH).<\/figcaption>\n\t\t\t\t\t\t\t\t\t\t<\/figure>\n\t\t\t\t\t\t\t\t\t<\/div>\n\t\t\t\t<\/div>\n\t\t\t\t\t<\/div>\n\t\t<\/div>\n\t\t\t\t\t<\/div>\n\t\t<\/section>\n\t\t\t\t<\/div>","protected":false},"featured_media":2573,"parent":0,"menu_order":0,"template":"","division":[],"class_list":["post-2623","product","type-product","status-publish","has-post-thumbnail","hentry"],"acf":[],"yoast_head":"<!-- This site is optimized with the Yoast SEO plugin v27.3 - https:\/\/yoast.com\/product\/yoast-seo-wordpress\/ -->\n<title>Ground SAR Processor - MetaSensing<\/title>\n<meta name=\"robots\" content=\"index, follow, max-snippet:-1, max-image-preview:large, max-video-preview:-1\" \/>\n<link rel=\"canonical\" href=\"https:\/\/metasensing-1cke3mpofw.live-website.com\/product\/ground-sar-processor\/\" \/>\n<meta property=\"og:locale\" content=\"it_IT\" \/>\n<meta property=\"og:type\" content=\"article\" \/>\n<meta property=\"og:title\" content=\"Ground SAR Processor - MetaSensing\" \/>\n<meta property=\"og:description\" content=\"Technology you can trust Ground SAR Segment Back Ground SAR Processor MetaSensing Satellite SAR Processor (MSSP) is a state-of-the-art software tool to process the Level 0 satellite SAR data and generate the satellite SAR images. Based on the most accurate Time Domain Back Projection, the MSSP features:\u00a0 Operational processor for any Ground Segment facility of [&hellip;]\" \/>\n<meta property=\"og:url\" content=\"https:\/\/metasensing-1cke3mpofw.live-website.com\/product\/ground-sar-processor\/\" \/>\n<meta property=\"og:site_name\" content=\"MetaSensing\" \/>\n<meta property=\"article:modified_time\" content=\"2023-01-30T12:15:41+00:00\" \/>\n<meta property=\"og:image\" content=\"https:\/\/metasensing-1cke3mpofw.live-website.com\/wp-content\/uploads\/2023\/01\/SAR-SIMULATOR-FOTO.jpg\" \/>\n\t<meta property=\"og:image:width\" content=\"777\" \/>\n\t<meta property=\"og:image:height\" content=\"1386\" \/>\n\t<meta property=\"og:image:type\" content=\"image\/jpeg\" \/>\n<meta name=\"twitter:card\" content=\"summary_large_image\" \/>\n<meta name=\"twitter:label1\" content=\"Tempo di lettura stimato\" \/>\n\t<meta name=\"twitter:data1\" content=\"1 minuto\" \/>\n<script type=\"application\/ld+json\" class=\"yoast-schema-graph\">{\"@context\":\"https:\\\/\\\/schema.org\",\"@graph\":[{\"@type\":\"WebPage\",\"@id\":\"https:\\\/\\\/metasensing-1cke3mpofw.live-website.com\\\/product\\\/ground-sar-processor\\\/\",\"url\":\"https:\\\/\\\/metasensing-1cke3mpofw.live-website.com\\\/product\\\/ground-sar-processor\\\/\",\"name\":\"Ground SAR Processor - MetaSensing\",\"isPartOf\":{\"@id\":\"https:\\\/\\\/metasensing-1cke3mpofw.live-website.com\\\/#website\"},\"primaryImageOfPage\":{\"@id\":\"https:\\\/\\\/metasensing-1cke3mpofw.live-website.com\\\/product\\\/ground-sar-processor\\\/#primaryimage\"},\"image\":{\"@id\":\"https:\\\/\\\/metasensing-1cke3mpofw.live-website.com\\\/product\\\/ground-sar-processor\\\/#primaryimage\"},\"thumbnailUrl\":\"https:\\\/\\\/metasensing.com\\\/wp-content\\\/uploads\\\/2023\\\/01\\\/SAR-SIMULATOR-FOTO.jpg\",\"datePublished\":\"2023-01-18T16:17:23+00:00\",\"dateModified\":\"2023-01-30T12:15:41+00:00\",\"breadcrumb\":{\"@id\":\"https:\\\/\\\/metasensing-1cke3mpofw.live-website.com\\\/product\\\/ground-sar-processor\\\/#breadcrumb\"},\"inLanguage\":\"it-IT\",\"potentialAction\":[{\"@type\":\"ReadAction\",\"target\":[\"https:\\\/\\\/metasensing-1cke3mpofw.live-website.com\\\/product\\\/ground-sar-processor\\\/\"]}]},{\"@type\":\"ImageObject\",\"inLanguage\":\"it-IT\",\"@id\":\"https:\\\/\\\/metasensing-1cke3mpofw.live-website.com\\\/product\\\/ground-sar-processor\\\/#primaryimage\",\"url\":\"https:\\\/\\\/metasensing.com\\\/wp-content\\\/uploads\\\/2023\\\/01\\\/SAR-SIMULATOR-FOTO.jpg\",\"contentUrl\":\"https:\\\/\\\/metasensing.com\\\/wp-content\\\/uploads\\\/2023\\\/01\\\/SAR-SIMULATOR-FOTO.jpg\",\"width\":777,\"height\":1386},{\"@type\":\"BreadcrumbList\",\"@id\":\"https:\\\/\\\/metasensing-1cke3mpofw.live-website.com\\\/product\\\/ground-sar-processor\\\/#breadcrumb\",\"itemListElement\":[{\"@type\":\"ListItem\",\"position\":1,\"name\":\"Home\",\"item\":\"https:\\\/\\\/metasensing.com\\\/\"},{\"@type\":\"ListItem\",\"position\":2,\"name\":\"Ground SAR Processor\"}]},{\"@type\":\"WebSite\",\"@id\":\"https:\\\/\\\/metasensing-1cke3mpofw.live-website.com\\\/#website\",\"url\":\"https:\\\/\\\/metasensing-1cke3mpofw.live-website.com\\\/\",\"name\":\"MetaSensing\",\"description\":\"Radar solutions\",\"publisher\":{\"@id\":\"https:\\\/\\\/metasensing-1cke3mpofw.live-website.com\\\/#organization\"},\"potentialAction\":[{\"@type\":\"SearchAction\",\"target\":{\"@type\":\"EntryPoint\",\"urlTemplate\":\"https:\\\/\\\/metasensing-1cke3mpofw.live-website.com\\\/?s={search_term_string}\"},\"query-input\":{\"@type\":\"PropertyValueSpecification\",\"valueRequired\":true,\"valueName\":\"search_term_string\"}}],\"inLanguage\":\"it-IT\"},{\"@type\":\"Organization\",\"@id\":\"https:\\\/\\\/metasensing-1cke3mpofw.live-website.com\\\/#organization\",\"name\":\"MetaSensing\",\"url\":\"https:\\\/\\\/metasensing-1cke3mpofw.live-website.com\\\/\",\"logo\":{\"@type\":\"ImageObject\",\"inLanguage\":\"it-IT\",\"@id\":\"https:\\\/\\\/metasensing-1cke3mpofw.live-website.com\\\/#\\\/schema\\\/logo\\\/image\\\/\",\"url\":\"https:\\\/\\\/metasensing.com\\\/wp-content\\\/uploads\\\/2022\\\/05\\\/logo-orizzontale-bianco_metasensing.png\",\"contentUrl\":\"https:\\\/\\\/metasensing.com\\\/wp-content\\\/uploads\\\/2022\\\/05\\\/logo-orizzontale-bianco_metasensing.png\",\"width\":1792,\"height\":203,\"caption\":\"MetaSensing\"},\"image\":{\"@id\":\"https:\\\/\\\/metasensing-1cke3mpofw.live-website.com\\\/#\\\/schema\\\/logo\\\/image\\\/\"}}]}<\/script>\n<!-- \/ Yoast SEO plugin. -->","yoast_head_json":{"title":"Processore SAR terrestre - MetaSensing","robots":{"index":"index","follow":"follow","max-snippet":"max-snippet:-1","max-image-preview":"max-image-preview:large","max-video-preview":"max-video-preview:-1"},"canonical":"https:\/\/metasensing-1cke3mpofw.live-website.com\/product\/ground-sar-processor\/","og_locale":"it_IT","og_type":"article","og_title":"Ground SAR Processor - MetaSensing","og_description":"Technology you can trust Ground SAR Segment Back Ground SAR Processor MetaSensing Satellite SAR Processor (MSSP) is a state-of-the-art software tool to process the Level 0 satellite SAR data and generate the satellite SAR images. Based on the most accurate Time Domain Back Projection, the MSSP features:\u00a0 Operational processor for any Ground Segment facility of [&hellip;]","og_url":"https:\/\/metasensing-1cke3mpofw.live-website.com\/product\/ground-sar-processor\/","og_site_name":"MetaSensing","article_modified_time":"2023-01-30T12:15:41+00:00","og_image":[{"width":777,"height":1386,"url":"https:\/\/metasensing-1cke3mpofw.live-website.com\/wp-content\/uploads\/2023\/01\/SAR-SIMULATOR-FOTO.jpg","type":"image\/jpeg"}],"twitter_card":"summary_large_image","twitter_misc":{"Tempo di lettura stimato":"1 minuto"},"schema":{"@context":"https:\/\/schema.org","@graph":[{"@type":"WebPage","@id":"https:\/\/metasensing-1cke3mpofw.live-website.com\/product\/ground-sar-processor\/","url":"https:\/\/metasensing-1cke3mpofw.live-website.com\/product\/ground-sar-processor\/","name":"Processore SAR terrestre - MetaSensing","isPartOf":{"@id":"https:\/\/metasensing-1cke3mpofw.live-website.com\/#website"},"primaryImageOfPage":{"@id":"https:\/\/metasensing-1cke3mpofw.live-website.com\/product\/ground-sar-processor\/#primaryimage"},"image":{"@id":"https:\/\/metasensing-1cke3mpofw.live-website.com\/product\/ground-sar-processor\/#primaryimage"},"thumbnailUrl":"https:\/\/metasensing.com\/wp-content\/uploads\/2023\/01\/SAR-SIMULATOR-FOTO.jpg","datePublished":"2023-01-18T16:17:23+00:00","dateModified":"2023-01-30T12:15:41+00:00","breadcrumb":{"@id":"https:\/\/metasensing-1cke3mpofw.live-website.com\/product\/ground-sar-processor\/#breadcrumb"},"inLanguage":"it-IT","potentialAction":[{"@type":"ReadAction","target":["https:\/\/metasensing-1cke3mpofw.live-website.com\/product\/ground-sar-processor\/"]}]},{"@type":"ImageObject","inLanguage":"it-IT","@id":"https:\/\/metasensing-1cke3mpofw.live-website.com\/product\/ground-sar-processor\/#primaryimage","url":"https:\/\/metasensing.com\/wp-content\/uploads\/2023\/01\/SAR-SIMULATOR-FOTO.jpg","contentUrl":"https:\/\/metasensing.com\/wp-content\/uploads\/2023\/01\/SAR-SIMULATOR-FOTO.jpg","width":777,"height":1386},{"@type":"BreadcrumbList","@id":"https:\/\/metasensing-1cke3mpofw.live-website.com\/product\/ground-sar-processor\/#breadcrumb","itemListElement":[{"@type":"ListItem","position":1,"name":"Home","item":"https:\/\/metasensing.com\/"},{"@type":"ListItem","position":2,"name":"Ground SAR Processor"}]},{"@type":"WebSite","@id":"https:\/\/metasensing-1cke3mpofw.live-website.com\/#website","url":"https:\/\/metasensing-1cke3mpofw.live-website.com\/","name":"MetaSensing","description":"Soluzioni radar","publisher":{"@id":"https:\/\/metasensing-1cke3mpofw.live-website.com\/#organization"},"potentialAction":[{"@type":"SearchAction","target":{"@type":"EntryPoint","urlTemplate":"https:\/\/metasensing-1cke3mpofw.live-website.com\/?s={search_term_string}"},"query-input":{"@type":"PropertyValueSpecification","valueRequired":true,"valueName":"search_term_string"}}],"inLanguage":"it-IT"},{"@type":"Organization","@id":"https:\/\/metasensing-1cke3mpofw.live-website.com\/#organization","name":"MetaSensing","url":"https:\/\/metasensing-1cke3mpofw.live-website.com\/","logo":{"@type":"ImageObject","inLanguage":"it-IT","@id":"https:\/\/metasensing-1cke3mpofw.live-website.com\/#\/schema\/logo\/image\/","url":"https:\/\/metasensing.com\/wp-content\/uploads\/2022\/05\/logo-orizzontale-bianco_metasensing.png","contentUrl":"https:\/\/metasensing.com\/wp-content\/uploads\/2022\/05\/logo-orizzontale-bianco_metasensing.png","width":1792,"height":203,"caption":"MetaSensing"},"image":{"@id":"https:\/\/metasensing-1cke3mpofw.live-website.com\/#\/schema\/logo\/image\/"}}]}},"_links":{"self":[{"href":"https:\/\/metasensing.com\/it\/wp-json\/wp\/v2\/product\/2623","targetHints":{"allow":["GET"]}}],"collection":[{"href":"https:\/\/metasensing.com\/it\/wp-json\/wp\/v2\/product"}],"about":[{"href":"https:\/\/metasensing.com\/it\/wp-json\/wp\/v2\/types\/product"}],"version-history":[{"count":10,"href":"https:\/\/metasensing.com\/it\/wp-json\/wp\/v2\/product\/2623\/revisions"}],"predecessor-version":[{"id":2734,"href":"https:\/\/metasensing.com\/it\/wp-json\/wp\/v2\/product\/2623\/revisions\/2734"}],"wp:featuredmedia":[{"embeddable":true,"href":"https:\/\/metasensing.com\/it\/wp-json\/wp\/v2\/media\/2573"}],"wp:attachment":[{"href":"https:\/\/metasensing.com\/it\/wp-json\/wp\/v2\/media?parent=2623"}],"wp:term":[{"taxonomy":"division","embeddable":true,"href":"https:\/\/metasensing.com\/it\/wp-json\/wp\/v2\/division?post=2623"}],"curies":[{"name":"wp","href":"https:\/\/api.w.org\/{rel}","templated":true}]}}