{"id":901,"date":"2022-07-19T07:22:20","date_gmt":"2022-07-19T07:22:20","guid":{"rendered":"https:\/\/mean-orchard.flywheelsites.com\/?page_id=901"},"modified":"2022-12-23T15:45:14","modified_gmt":"2022-12-23T15:45:14","slug":"investors","status":"publish","type":"page","link":"https:\/\/metasensing.com\/it\/investors\/","title":{"rendered":"Investitori"},"content":{"rendered":"<div data-elementor-type=\"wp-page\" data-elementor-id=\"901\" class=\"elementor elementor-901\" data-elementor-post-type=\"page\">\n\t\t\t\t\t\t<section class=\"has_ae_slider elementor-section elementor-top-section elementor-element elementor-element-4a1943b1 elementor-section-height-min-height elementor-section-boxed elementor-section-height-default elementor-section-items-middle ae-bg-gallery-type-default\" data-id=\"4a1943b1\" data-element_type=\"section\" data-e-type=\"section\" data-settings=\"{&quot;background_background&quot;:&quot;classic&quot;}\">\n\t\t\t\t\t\t\t<div class=\"elementor-background-overlay\"><\/div>\n\t\t\t\t\t\t\t<div class=\"elementor-container elementor-column-gap-default\">\n\t\t\t\t\t<div class=\"has_ae_slider elementor-column elementor-col-100 elementor-top-column elementor-element elementor-element-30ed4847 ae-bg-gallery-type-default\" data-id=\"30ed4847\" data-element_type=\"column\" data-e-type=\"column\">\n\t\t\t<div class=\"elementor-widget-wrap elementor-element-populated\">\n\t\t\t\t\t\t<section class=\"has_ae_slider elementor-section elementor-inner-section elementor-element elementor-element-2345e13b elementor-section-boxed elementor-section-height-default elementor-section-height-default ae-bg-gallery-type-default\" data-id=\"2345e13b\" data-element_type=\"section\" data-e-type=\"section\">\n\t\t\t\t\t\t<div class=\"elementor-container elementor-column-gap-default\">\n\t\t\t\t\t<div class=\"has_ae_slider elementor-column elementor-col-100 elementor-inner-column elementor-element elementor-element-660ef7aa ae-bg-gallery-type-default\" data-id=\"660ef7aa\" data-element_type=\"column\" data-e-type=\"column\">\n\t\t\t<div class=\"elementor-widget-wrap elementor-element-populated\">\n\t\t\t\t\t\t<div class=\"elementor-element elementor-element-304ec555 elementor-widget elementor-widget-heading\" data-id=\"304ec555\" data-element_type=\"widget\" data-e-type=\"widget\" data-widget_type=\"heading.default\">\n\t\t\t\t<div class=\"elementor-widget-container\">\n\t\t\t\t\t<h3 class=\"elementor-heading-title elementor-size-medium\">La nostra rete di<\/h3>\t\t\t\t<\/div>\n\t\t\t\t<\/div>\n\t\t\t\t<div class=\"elementor-element elementor-element-ba2ec0f elementor-widget elementor-widget-heading\" data-id=\"ba2ec0f\" data-element_type=\"widget\" data-e-type=\"widget\" data-widget_type=\"heading.default\">\n\t\t\t\t<div class=\"elementor-widget-container\">\n\t\t\t\t\t<h2 class=\"elementor-heading-title elementor-size-xxl\">Investitori<\/h2>\t\t\t\t<\/div>\n\t\t\t\t<\/div>\n\t\t\t\t<div class=\"elementor-element elementor-element-305191a5 elementor-widget elementor-widget-text-editor\" data-id=\"305191a5\" data-element_type=\"widget\" data-e-type=\"widget\" data-widget_type=\"text-editor.default\">\n\t\t\t\t<div class=\"elementor-widget-container\">\n\t\t\t\t\t\t\t\t\t<p>MetaSensing ha 15 anni di esperienza nello sviluppo di sistemi radar terrestri, aerei e satellitari.<br \/>Siamo disponibili a valutare proposte di investitori per condividere lo sviluppo di nuovi progetti e nuove soluzioni Radar.<\/p>\t\t\t\t\t\t\t\t<\/div>\n\t\t\t\t<\/div>\n\t\t\t\t\t<\/div>\n\t\t<\/div>\n\t\t\t\t\t<\/div>\n\t\t<\/section>\n\t\t\t\t\t<\/div>\n\t\t<\/div>\n\t\t\t\t\t<\/div>\n\t\t<\/section>\n\t\t\t\t<section class=\"has_ae_slider elementor-section elementor-top-section elementor-element elementor-element-02aa700 elementor-section-height-min-height elementor-section-boxed elementor-section-height-default elementor-section-items-middle ae-bg-gallery-type-default\" data-id=\"02aa700\" data-element_type=\"section\" data-e-type=\"section\">\n\t\t\t\t\t\t<div class=\"elementor-container elementor-column-gap-default\">\n\t\t\t\t\t<div class=\"has_ae_slider elementor-column elementor-col-100 elementor-top-column elementor-element elementor-element-8510c05 ae-bg-gallery-type-default\" data-id=\"8510c05\" data-element_type=\"column\" data-e-type=\"column\">\n\t\t\t<div class=\"elementor-widget-wrap elementor-element-populated\">\n\t\t\t\t\t\t<div class=\"elementor-element elementor-element-8fbfdd2 elementor-widget elementor-widget-text-editor\" data-id=\"8fbfdd2\" data-element_type=\"widget\" data-e-type=\"widget\" data-widget_type=\"text-editor.default\">\n\t\t\t\t<div class=\"elementor-widget-container\">\n\t\t\t\t\t\t\t\t\t<p>Ogni progetto e prodotto ha una roadmap ben definita, dalla progettazione alla prototipazione, alla produzione e alla vendita. <br \/>La nostra priorit\u00e0 \u00e8 proteggere gli investimenti interni ed esterni, approvando solo progetti con reali opportunit\u00e0 di successo e tempi certi di ritorno sugli investimenti, che derivano dalla continua analisi del mercato e dei trend di crescita.<\/p>\t\t\t\t\t\t\t\t<\/div>\n\t\t\t\t<\/div>\n\t\t\t\t<div class=\"elementor-element elementor-element-4a4c7fe elementor-widget elementor-widget-shortcode\" data-id=\"4a4c7fe\" data-element_type=\"widget\" data-e-type=\"widget\" data-widget_type=\"shortcode.default\">\n\t\t\t\t<div class=\"elementor-widget-container\">\n\t\t\t\t\t\t\t<div class=\"elementor-shortcode\"><!-- Chart Action CSS -->\r\n<style type=\"text\/css\">\r\n\t#imap_1 {\n \n}<\/style>\r\n\r\n<!-- Chart Action HTML -->\r\n<div id=\"imap_1\">\n  <div class=\"interactive_map_finder\" id=\"interactive_map_1\" imap=\"1\"><\/div>\n<\/div><\/div>\n\t\t\t\t\t\t<\/div>\n\t\t\t\t<\/div>\n\t\t\t\t<div class=\"elementor-element elementor-element-01f4e20 elementor-widget elementor-widget-text-editor\" data-id=\"01f4e20\" data-element_type=\"widget\" data-e-type=\"widget\" data-widget_type=\"text-editor.default\">\n\t\t\t\t<div class=\"elementor-widget-container\">\n\t\t\t\t\t\t\t\t\t<p>Una rete di partner commerciali in Europa, Medio Oriente, Asia orientale, Sud e Nord America.<br \/><strong><span style=\"color: var( --e-global-color-text ); font-family: var( --e-global-typography-text-font-family ), Sans-serif; font-size: 1rem;\">Per ulteriori informazioni o per presentare una proposta, contattateci all'indirizzo info@metasensing-1cke3mpofw.live-website.com.<\/span><\/strong><\/p>\t\t\t\t\t\t\t\t<\/div>\n\t\t\t\t<\/div>\n\t\t\t\t\t<\/div>\n\t\t<\/div>\n\t\t\t\t\t<\/div>\n\t\t<\/section>\n\t\t\t\t<\/div>","protected":false},"excerpt":{"rendered":"<p>Our network of MetaSensing has 15 years of experience in development of ground, airborne and satellite radar systems.We are available to evaluate proposals from investors to share the development of new projects and new radar solutions. Every project and product has a well-defined roadmap from design to prototyping to production and sale. Our priority is [&hellip;]<\/p>\n","protected":false},"author":1,"featured_media":0,"parent":0,"menu_order":5,"comment_status":"closed","ping_status":"closed","template":"","meta":{"footnotes":""},"class_list":["post-901","page","type-page","status-publish","hentry"],"acf":[],"yoast_head":"<!-- This site is optimized with the Yoast SEO plugin v27.4 - https:\/\/yoast.com\/product\/yoast-seo-wordpress\/ -->\n<title>Investors - MetaSensing<\/title>\n<meta name=\"robots\" content=\"index, follow, max-snippet:-1, max-image-preview:large, max-video-preview:-1\" \/>\n<link rel=\"canonical\" href=\"https:\/\/metasensing-1cke3mpofw.live-website.com\/investors\/\" \/>\n<meta property=\"og:locale\" content=\"it_IT\" \/>\n<meta property=\"og:type\" content=\"article\" \/>\n<meta property=\"og:title\" content=\"Investors - MetaSensing\" \/>\n<meta property=\"og:description\" content=\"Our network of MetaSensing has 15 years of experience in development of ground, airborne and satellite radar systems.We are available to evaluate proposals from investors to share the development of new projects and new radar solutions. Every project and product has a well-defined roadmap from design to prototyping to production and sale. Our priority is [&hellip;]\" \/>\n<meta property=\"og:url\" content=\"https:\/\/metasensing-1cke3mpofw.live-website.com\/investors\/\" \/>\n<meta property=\"og:site_name\" content=\"MetaSensing\" \/>\n<meta property=\"article:modified_time\" content=\"2022-12-23T15:45:14+00:00\" \/>\n<meta name=\"twitter:card\" content=\"summary_large_image\" \/>\n<meta name=\"twitter:label1\" content=\"Tempo di lettura stimato\" \/>\n\t<meta name=\"twitter:data1\" content=\"1 minuto\" \/>\n<script type=\"application\/ld+json\" class=\"yoast-schema-graph\">{\"@context\":\"https:\\\/\\\/schema.org\",\"@graph\":[{\"@type\":\"WebPage\",\"@id\":\"https:\\\/\\\/metasensing-1cke3mpofw.live-website.com\\\/investors\\\/\",\"url\":\"https:\\\/\\\/metasensing-1cke3mpofw.live-website.com\\\/investors\\\/\",\"name\":\"Investors - MetaSensing\",\"isPartOf\":{\"@id\":\"https:\\\/\\\/metasensing-1cke3mpofw.live-website.com\\\/#website\"},\"datePublished\":\"2022-07-19T07:22:20+00:00\",\"dateModified\":\"2022-12-23T15:45:14+00:00\",\"breadcrumb\":{\"@id\":\"https:\\\/\\\/metasensing-1cke3mpofw.live-website.com\\\/investors\\\/#breadcrumb\"},\"inLanguage\":\"it-IT\",\"potentialAction\":[{\"@type\":\"ReadAction\",\"target\":[\"https:\\\/\\\/metasensing-1cke3mpofw.live-website.com\\\/investors\\\/\"]}]},{\"@type\":\"BreadcrumbList\",\"@id\":\"https:\\\/\\\/metasensing-1cke3mpofw.live-website.com\\\/investors\\\/#breadcrumb\",\"itemListElement\":[{\"@type\":\"ListItem\",\"position\":1,\"name\":\"Home\",\"item\":\"https:\\\/\\\/metasensing.com\\\/\"},{\"@type\":\"ListItem\",\"position\":2,\"name\":\"Investors\"}]},{\"@type\":\"WebSite\",\"@id\":\"https:\\\/\\\/metasensing-1cke3mpofw.live-website.com\\\/#website\",\"url\":\"https:\\\/\\\/metasensing-1cke3mpofw.live-website.com\\\/\",\"name\":\"MetaSensing\",\"description\":\"Radar solutions\",\"publisher\":{\"@id\":\"https:\\\/\\\/metasensing-1cke3mpofw.live-website.com\\\/#organization\"},\"potentialAction\":[{\"@type\":\"SearchAction\",\"target\":{\"@type\":\"EntryPoint\",\"urlTemplate\":\"https:\\\/\\\/metasensing-1cke3mpofw.live-website.com\\\/?s={search_term_string}\"},\"query-input\":{\"@type\":\"PropertyValueSpecification\",\"valueRequired\":true,\"valueName\":\"search_term_string\"}}],\"inLanguage\":\"it-IT\"},{\"@type\":\"Organization\",\"@id\":\"https:\\\/\\\/metasensing-1cke3mpofw.live-website.com\\\/#organization\",\"name\":\"MetaSensing\",\"url\":\"https:\\\/\\\/metasensing-1cke3mpofw.live-website.com\\\/\",\"logo\":{\"@type\":\"ImageObject\",\"inLanguage\":\"it-IT\",\"@id\":\"https:\\\/\\\/metasensing-1cke3mpofw.live-website.com\\\/#\\\/schema\\\/logo\\\/image\\\/\",\"url\":\"https:\\\/\\\/metasensing.com\\\/wp-content\\\/uploads\\\/2022\\\/05\\\/logo-orizzontale-bianco_metasensing.png\",\"contentUrl\":\"https:\\\/\\\/metasensing.com\\\/wp-content\\\/uploads\\\/2022\\\/05\\\/logo-orizzontale-bianco_metasensing.png\",\"width\":1792,\"height\":203,\"caption\":\"MetaSensing\"},\"image\":{\"@id\":\"https:\\\/\\\/metasensing-1cke3mpofw.live-website.com\\\/#\\\/schema\\\/logo\\\/image\\\/\"}}]}<\/script>\n<!-- \/ Yoast SEO plugin. -->","yoast_head_json":{"title":"Investitori - MetaSensing","robots":{"index":"index","follow":"follow","max-snippet":"max-snippet:-1","max-image-preview":"max-image-preview:large","max-video-preview":"max-video-preview:-1"},"canonical":"https:\/\/metasensing-1cke3mpofw.live-website.com\/investors\/","og_locale":"it_IT","og_type":"article","og_title":"Investors - MetaSensing","og_description":"Our network of MetaSensing has 15 years of experience in development of ground, airborne and satellite radar systems.We are available to evaluate proposals from investors to share the development of new projects and new radar solutions. Every project and product has a well-defined roadmap from design to prototyping to production and sale. Our priority is [&hellip;]","og_url":"https:\/\/metasensing-1cke3mpofw.live-website.com\/investors\/","og_site_name":"MetaSensing","article_modified_time":"2022-12-23T15:45:14+00:00","twitter_card":"summary_large_image","twitter_misc":{"Tempo di lettura stimato":"1 minuto"},"schema":{"@context":"https:\/\/schema.org","@graph":[{"@type":"WebPage","@id":"https:\/\/metasensing-1cke3mpofw.live-website.com\/investors\/","url":"https:\/\/metasensing-1cke3mpofw.live-website.com\/investors\/","name":"Investitori - MetaSensing","isPartOf":{"@id":"https:\/\/metasensing-1cke3mpofw.live-website.com\/#website"},"datePublished":"2022-07-19T07:22:20+00:00","dateModified":"2022-12-23T15:45:14+00:00","breadcrumb":{"@id":"https:\/\/metasensing-1cke3mpofw.live-website.com\/investors\/#breadcrumb"},"inLanguage":"it-IT","potentialAction":[{"@type":"ReadAction","target":["https:\/\/metasensing-1cke3mpofw.live-website.com\/investors\/"]}]},{"@type":"BreadcrumbList","@id":"https:\/\/metasensing-1cke3mpofw.live-website.com\/investors\/#breadcrumb","itemListElement":[{"@type":"ListItem","position":1,"name":"Home","item":"https:\/\/metasensing.com\/"},{"@type":"ListItem","position":2,"name":"Investors"}]},{"@type":"WebSite","@id":"https:\/\/metasensing-1cke3mpofw.live-website.com\/#website","url":"https:\/\/metasensing-1cke3mpofw.live-website.com\/","name":"MetaSensing","description":"Soluzioni radar","publisher":{"@id":"https:\/\/metasensing-1cke3mpofw.live-website.com\/#organization"},"potentialAction":[{"@type":"SearchAction","target":{"@type":"EntryPoint","urlTemplate":"https:\/\/metasensing-1cke3mpofw.live-website.com\/?s={search_term_string}"},"query-input":{"@type":"PropertyValueSpecification","valueRequired":true,"valueName":"search_term_string"}}],"inLanguage":"it-IT"},{"@type":"Organization","@id":"https:\/\/metasensing-1cke3mpofw.live-website.com\/#organization","name":"MetaSensing","url":"https:\/\/metasensing-1cke3mpofw.live-website.com\/","logo":{"@type":"ImageObject","inLanguage":"it-IT","@id":"https:\/\/metasensing-1cke3mpofw.live-website.com\/#\/schema\/logo\/image\/","url":"https:\/\/metasensing.com\/wp-content\/uploads\/2022\/05\/logo-orizzontale-bianco_metasensing.png","contentUrl":"https:\/\/metasensing.com\/wp-content\/uploads\/2022\/05\/logo-orizzontale-bianco_metasensing.png","width":1792,"height":203,"caption":"MetaSensing"},"image":{"@id":"https:\/\/metasensing-1cke3mpofw.live-website.com\/#\/schema\/logo\/image\/"}}]}},"_links":{"self":[{"href":"https:\/\/metasensing.com\/it\/wp-json\/wp\/v2\/pages\/901","targetHints":{"allow":["GET"]}}],"collection":[{"href":"https:\/\/metasensing.com\/it\/wp-json\/wp\/v2\/pages"}],"about":[{"href":"https:\/\/metasensing.com\/it\/wp-json\/wp\/v2\/types\/page"}],"author":[{"embeddable":true,"href":"https:\/\/metasensing.com\/it\/wp-json\/wp\/v2\/users\/1"}],"replies":[{"embeddable":true,"href":"https:\/\/metasensing.com\/it\/wp-json\/wp\/v2\/comments?post=901"}],"version-history":[{"count":10,"href":"https:\/\/metasensing.com\/it\/wp-json\/wp\/v2\/pages\/901\/revisions"}],"predecessor-version":[{"id":2528,"href":"https:\/\/metasensing.com\/it\/wp-json\/wp\/v2\/pages\/901\/revisions\/2528"}],"wp:attachment":[{"href":"https:\/\/metasensing.com\/it\/wp-json\/wp\/v2\/media?parent=901"}],"curies":[{"name":"wp","href":"https:\/\/api.w.org\/{rel}","templated":true}]}}